{"id":16095,"date":"2023-12-06T05:11:47","date_gmt":"2023-12-06T04:11:47","guid":{"rendered":"https:\/\/retero.ffpmarketing.ch\/actualites\/"},"modified":"2025-11-03T19:44:17","modified_gmt":"2025-11-03T18:44:17","slug":"actualites","status":"publish","type":"page","link":"https:\/\/retero.ch\/fr\/actualites\/","title":{"rendered":"Actualit\u00e9s"},"content":{"rendered":"\t\t<div data-elementor-type=\"wp-page\" data-elementor-id=\"16095\" class=\"elementor elementor-16095 elementor-4329\" data-elementor-post-type=\"page\">\n\t\t\t\t<div class=\"elementor-element elementor-element-b7c3d22 e-flex e-con-boxed e-con e-parent\" data-id=\"b7c3d22\" data-element_type=\"container\" data-settings=\"{&quot;background_background&quot;:&quot;classic&quot;}\">\n\t\t\t\t\t<div class=\"e-con-inner\">\n\t\t\t\t<div class=\"elementor-element elementor-element-ad44e5c elementor-widget elementor-widget-react-blog\" data-id=\"ad44e5c\" data-element_type=\"widget\" data-widget_type=\"react-blog.default\">\n\t\t\t\t<div class=\"elementor-widget-container\">\n\t\t\t\t\t\r\n\t\t<div class=\"reactheme-blog-grid2x reactheme-blog-grid blog--style4 blog--style4\">            \r\n\r\n            <div class=\"row blog-gird-item\">\r\n                \r\n\t\t\t \t<div class=\"grid-item blog-item col-lg-4 col-md-6 col-sm-12 col-12  filter_non-categorise \">\r\n    <div class=\"align-items-center no-gutter blog-item reactheme-blog-grid1\">\r\n        <div class=\"col-md-12\">\r\n            <div class=\"image-part\">\r\n                <a href=\"https:\/\/retero.ch\/fr\/entretien-avec-joel-retter\/\">\r\n                    <img fetchpriority=\"high\" decoding=\"async\" width=\"420\" height=\"400\" src=\"https:\/\/retero.ch\/wp-content\/uploads\/2026\/04\/Design-ohne-Titel.png\" class=\"attachment-innovat_420_460 size-innovat_420_460 wp-post-image\" alt=\"\" srcset=\"https:\/\/retero.ch\/wp-content\/uploads\/2026\/04\/Design-ohne-Titel.png 420w, https:\/\/retero.ch\/wp-content\/uploads\/2026\/04\/Design-ohne-Titel-300x286.png 300w\" sizes=\"(max-width: 420px) 100vw, 420px\" \/>                <\/a>\r\n                <div class=\"meta-info\">\r\n                                            <ul class=\"blog-meta d-flex align-items-center\">\r\n                                                    <\/ul>\r\n                                    <\/div>\r\n            <\/div>\r\n        <\/div>\r\n        <div class=\"col-md-12\">\r\n            <div class=\"blog-content\">\r\n                <div class=\"inner-content\">\r\n                    <h3 class=\"title dd\"><a href=\"https:\/\/retero.ch\/fr\/entretien-avec-joel-retter\/\">Entretien avec Jo\u00ebl Retter<\/a><\/h3>\r\n                                                            \r\n                                            <div class=\"btn-part\">\r\n                            <a class=\"readon-arrow\" href=\"https:\/\/retero.ch\/fr\/entretien-avec-joel-retter\/\">\r\n                                Lire la suite <i class=\"fa rt-plus\"><\/i>\r\n                            <\/a>\r\n                        <\/div>\r\n                                 \r\n                <\/div>  \r\n            <\/div>\r\n        <\/div>\r\n    <\/div>\r\n<\/div>                            \r\n                  \r\n\t\t\t\t\t<div class=\"grid-item blog-item col-lg-4 col-md-6 col-sm-12 col-12  filter_non-categorise \">\r\n    <div class=\"align-items-center no-gutter blog-item reactheme-blog-grid1\">\r\n        <div class=\"col-md-12\">\r\n            <div class=\"image-part\">\r\n                <a href=\"https:\/\/retero.ch\/fr\/entretien-avec-juergen-retter\/\">\r\n                    <img decoding=\"async\" width=\"420\" height=\"400\" src=\"https:\/\/retero.ch\/wp-content\/uploads\/2026\/03\/Design-ohne-Titel-3.png\" class=\"attachment-innovat_420_460 size-innovat_420_460 wp-post-image\" alt=\"\" srcset=\"https:\/\/retero.ch\/wp-content\/uploads\/2026\/03\/Design-ohne-Titel-3.png 420w, https:\/\/retero.ch\/wp-content\/uploads\/2026\/03\/Design-ohne-Titel-3-300x286.png 300w\" sizes=\"(max-width: 420px) 100vw, 420px\" \/>                <\/a>\r\n                <div class=\"meta-info\">\r\n                                            <ul class=\"blog-meta d-flex align-items-center\">\r\n                                                    <\/ul>\r\n                                    <\/div>\r\n            <\/div>\r\n        <\/div>\r\n        <div class=\"col-md-12\">\r\n            <div class=\"blog-content\">\r\n                <div class=\"inner-content\">\r\n                    <h3 class=\"title dd\"><a href=\"https:\/\/retero.ch\/fr\/entretien-avec-juergen-retter\/\">Entretien avec J\u00fcrgen Retter<\/a><\/h3>\r\n                                                            \r\n                                            <div class=\"btn-part\">\r\n                            <a class=\"readon-arrow\" href=\"https:\/\/retero.ch\/fr\/entretien-avec-juergen-retter\/\">\r\n                                Lire la suite <i class=\"fa rt-plus\"><\/i>\r\n                            <\/a>\r\n                        <\/div>\r\n                                 \r\n                <\/div>  \r\n            <\/div>\r\n        <\/div>\r\n    <\/div>\r\n<\/div>                            \r\n                  \r\n\t\t\t\t\t<div class=\"grid-item blog-item col-lg-4 col-md-6 col-sm-12 col-12  filter_uncategorized-de-ch \">\r\n    <div class=\"align-items-center no-gutter blog-item reactheme-blog-grid1\">\r\n        <div class=\"col-md-12\">\r\n            <div class=\"image-part\">\r\n                <a href=\"https:\/\/retero.ch\/fr\/entretien-avec-jurgen-retter\/\">\r\n                    <img decoding=\"async\" width=\"420\" height=\"400\" src=\"https:\/\/retero.ch\/wp-content\/uploads\/2023\/12\/bloggrafik-Interview-Juergen-420x400.jpg\" class=\"attachment-innovat_420_460 size-innovat_420_460 wp-post-image\" alt=\"\" \/>                <\/a>\r\n                <div class=\"meta-info\">\r\n                                            <ul class=\"blog-meta d-flex align-items-center\">\r\n                                                    <\/ul>\r\n                                    <\/div>\r\n            <\/div>\r\n        <\/div>\r\n        <div class=\"col-md-12\">\r\n            <div class=\"blog-content\">\r\n                <div class=\"inner-content\">\r\n                    <h3 class=\"title dd\"><a href=\"https:\/\/retero.ch\/fr\/entretien-avec-jurgen-retter\/\">Entretien avec J\u00fcrgen Retter<\/a><\/h3>\r\n                                                            \r\n                                            <div class=\"btn-part\">\r\n                            <a class=\"readon-arrow\" href=\"https:\/\/retero.ch\/fr\/entretien-avec-jurgen-retter\/\">\r\n                                Lire la suite <i class=\"fa rt-plus\"><\/i>\r\n                            <\/a>\r\n                        <\/div>\r\n                                 \r\n                <\/div>  \r\n            <\/div>\r\n        <\/div>\r\n    <\/div>\r\n<\/div>                            \r\n                  \r\n\t\t\t\t\t<div class=\"grid-item blog-item col-lg-4 col-md-6 col-sm-12 col-12  filter_non-categorise \">\r\n    <div class=\"align-items-center no-gutter blog-item reactheme-blog-grid1\">\r\n        <div class=\"col-md-12\">\r\n            <div class=\"image-part\">\r\n                <a href=\"https:\/\/retero.ch\/fr\/pourquoi-la-precision-compte-sous-leau-microcomposants-pour-conditions-extremes\/\">\r\n                    <img loading=\"lazy\" decoding=\"async\" width=\"420\" height=\"460\" src=\"https:\/\/retero.ch\/wp-content\/uploads\/2025\/08\/Praezisionsbearbeitung-fuer-Unterwasser-420x460.png\" class=\"attachment-innovat_420_460 size-innovat_420_460 wp-post-image\" alt=\"Pr\u00e4zisionsbearbeitung f\u00fcr Unterwasser\" \/>                <\/a>\r\n                <div class=\"meta-info\">\r\n                                            <ul class=\"blog-meta d-flex align-items-center\">\r\n                                                    <\/ul>\r\n                                    <\/div>\r\n            <\/div>\r\n        <\/div>\r\n        <div class=\"col-md-12\">\r\n            <div class=\"blog-content\">\r\n                <div class=\"inner-content\">\r\n                    <h3 class=\"title dd\"><a href=\"https:\/\/retero.ch\/fr\/pourquoi-la-precision-compte-sous-leau-microcomposants-pour-conditions-extremes\/\">Pourquoi la pr\u00e9cision compte sous l&#8217;eau &#8211; Microcomposants pour conditions extr\u00eames<\/a><\/h3>\r\n                                                            \r\n                                            <div class=\"btn-part\">\r\n                            <a class=\"readon-arrow\" href=\"https:\/\/retero.ch\/fr\/pourquoi-la-precision-compte-sous-leau-microcomposants-pour-conditions-extremes\/\">\r\n                                Lire la suite <i class=\"fa rt-plus\"><\/i>\r\n                            <\/a>\r\n                        <\/div>\r\n                                 \r\n                <\/div>  \r\n            <\/div>\r\n        <\/div>\r\n    <\/div>\r\n<\/div>                            \r\n                  \r\n\t\t\t\t\t<div class=\"grid-item blog-item col-lg-4 col-md-6 col-sm-12 col-12  filter_non-categorise \">\r\n    <div class=\"align-items-center no-gutter blog-item reactheme-blog-grid1\">\r\n        <div class=\"col-md-12\">\r\n            <div class=\"image-part\">\r\n                <a href=\"https:\/\/retero.ch\/fr\/decoupe-laser-tolerances-et-precision\/\">\r\n                    <img loading=\"lazy\" decoding=\"async\" width=\"420\" height=\"460\" src=\"https:\/\/retero.ch\/wp-content\/uploads\/2025\/07\/Laserschneiden-Toleranzen-und-Genauigkeit-420x460.png\" class=\"attachment-innovat_420_460 size-innovat_420_460 wp-post-image\" alt=\"Laserschneiden Toleranzen und Genauigkeit\" \/>                <\/a>\r\n                <div class=\"meta-info\">\r\n                                            <ul class=\"blog-meta d-flex align-items-center\">\r\n                                                    <\/ul>\r\n                                    <\/div>\r\n            <\/div>\r\n        <\/div>\r\n        <div class=\"col-md-12\">\r\n            <div class=\"blog-content\">\r\n                <div class=\"inner-content\">\r\n                    <h3 class=\"title dd\"><a href=\"https:\/\/retero.ch\/fr\/decoupe-laser-tolerances-et-precision\/\">D\u00e9coupe laser Tol\u00e9rances et pr\u00e9cision<\/a><\/h3>\r\n                                                            \r\n                                            <div class=\"btn-part\">\r\n                            <a class=\"readon-arrow\" href=\"https:\/\/retero.ch\/fr\/decoupe-laser-tolerances-et-precision\/\">\r\n                                Lire la suite <i class=\"fa rt-plus\"><\/i>\r\n                            <\/a>\r\n                        <\/div>\r\n                                 \r\n                <\/div>  \r\n            <\/div>\r\n        <\/div>\r\n    <\/div>\r\n<\/div>                            \r\n                  \r\n\t\t\t\t\t<div class=\"grid-item blog-item col-lg-4 col-md-6 col-sm-12 col-12  filter_uncategorized-de-ch \">\r\n    <div class=\"align-items-center no-gutter blog-item reactheme-blog-grid1\">\r\n        <div class=\"col-md-12\">\r\n            <div class=\"image-part\">\r\n                <a href=\"https:\/\/retero.ch\/fr\/decoupe-laser-pour-les-applications-structurelles-precises-resistantes\/\">\r\n                    <img loading=\"lazy\" decoding=\"async\" width=\"420\" height=\"460\" src=\"https:\/\/retero.ch\/wp-content\/uploads\/2025\/07\/Laserschneiden-von-strukturellen-Anwendungen-420x460.png\" class=\"attachment-innovat_420_460 size-innovat_420_460 wp-post-image\" alt=\"Laserschneiden von strukturellen Anwendungen\" \/>                <\/a>\r\n                <div class=\"meta-info\">\r\n                                            <ul class=\"blog-meta d-flex align-items-center\">\r\n                                                    <\/ul>\r\n                                    <\/div>\r\n            <\/div>\r\n        <\/div>\r\n        <div class=\"col-md-12\">\r\n            <div class=\"blog-content\">\r\n                <div class=\"inner-content\">\r\n                    <h3 class=\"title dd\"><a href=\"https:\/\/retero.ch\/fr\/decoupe-laser-pour-les-applications-structurelles-precises-resistantes\/\">D\u00e9coupe laser pour les applications structurelles &#8211; pr\u00e9cises &amp; r\u00e9sistantes<\/a><\/h3>\r\n                                                            \r\n                                            <div class=\"btn-part\">\r\n                            <a class=\"readon-arrow\" href=\"https:\/\/retero.ch\/fr\/decoupe-laser-pour-les-applications-structurelles-precises-resistantes\/\">\r\n                                Lire la suite <i class=\"fa rt-plus\"><\/i>\r\n                            <\/a>\r\n                        <\/div>\r\n                                 \r\n                <\/div>  \r\n            <\/div>\r\n        <\/div>\r\n    <\/div>\r\n<\/div>                            \r\n                  \r\n\t\t\t\t\t<div class=\"grid-item blog-item col-lg-4 col-md-6 col-sm-12 col-12  filter_non-categorise \">\r\n    <div class=\"align-items-center no-gutter blog-item reactheme-blog-grid1\">\r\n        <div class=\"col-md-12\">\r\n            <div class=\"image-part\">\r\n                <a href=\"https:\/\/retero.ch\/fr\/comprendre-la-fabrication-soustractive-procedes-avantages-et-perspectives-davenir\/\">\r\n                    <img loading=\"lazy\" decoding=\"async\" width=\"420\" height=\"460\" src=\"https:\/\/retero.ch\/wp-content\/uploads\/2025\/06\/Ueberblick-ueber-verschiedene-Mikroteile-nebeneinander-auf-einem-Messtisch-420x460.png\" class=\"attachment-innovat_420_460 size-innovat_420_460 wp-post-image\" alt=\"\u00dcberblick \u00fcber verschiedene Mikroteile nebeneinander auf einem Messtisch\" \/>                <\/a>\r\n                <div class=\"meta-info\">\r\n                                            <ul class=\"blog-meta d-flex align-items-center\">\r\n                                                    <\/ul>\r\n                                    <\/div>\r\n            <\/div>\r\n        <\/div>\r\n        <div class=\"col-md-12\">\r\n            <div class=\"blog-content\">\r\n                <div class=\"inner-content\">\r\n                    <h3 class=\"title dd\"><a href=\"https:\/\/retero.ch\/fr\/comprendre-la-fabrication-soustractive-procedes-avantages-et-perspectives-davenir\/\">Comprendre la fabrication soustractive : Proc\u00e9d\u00e9s, avantages et perspectives d&#8217;avenir<\/a><\/h3>\r\n                                                            \r\n                                            <div class=\"btn-part\">\r\n                            <a class=\"readon-arrow\" href=\"https:\/\/retero.ch\/fr\/comprendre-la-fabrication-soustractive-procedes-avantages-et-perspectives-davenir\/\">\r\n                                Lire la suite <i class=\"fa rt-plus\"><\/i>\r\n                            <\/a>\r\n                        <\/div>\r\n                                 \r\n                <\/div>  \r\n            <\/div>\r\n        <\/div>\r\n    <\/div>\r\n<\/div>                            \r\n                  \r\n\t\t\t\t\t<div class=\"grid-item blog-item col-lg-4 col-md-6 col-sm-12 col-12  filter_uncategorized-de-ch \">\r\n    <div class=\"align-items-center no-gutter blog-item reactheme-blog-grid1\">\r\n        <div class=\"col-md-12\">\r\n            <div class=\"image-part\">\r\n                <a href=\"https:\/\/retero.ch\/fr\/microstructuration-precision-a-lechelle-du-micron\/\">\r\n                    <img loading=\"lazy\" decoding=\"async\" width=\"420\" height=\"460\" src=\"https:\/\/retero.ch\/wp-content\/uploads\/2025\/06\/Mikrostrukturierte-Titan-Oberflaeche-unter-dem-Mikroskop-420x460.png\" class=\"attachment-innovat_420_460 size-innovat_420_460 wp-post-image\" alt=\"Mikrostrukturierte Titan-Oberfl\u00e4che unter dem Mikroskop.\" \/>                <\/a>\r\n                <div class=\"meta-info\">\r\n                                            <ul class=\"blog-meta d-flex align-items-center\">\r\n                                                    <\/ul>\r\n                                    <\/div>\r\n            <\/div>\r\n        <\/div>\r\n        <div class=\"col-md-12\">\r\n            <div class=\"blog-content\">\r\n                <div class=\"inner-content\">\r\n                    <h3 class=\"title dd\"><a href=\"https:\/\/retero.ch\/fr\/microstructuration-precision-a-lechelle-du-micron\/\">Microstructuration : pr\u00e9cision \u00e0 l&#8217;\u00e9chelle du micron<\/a><\/h3>\r\n                                                            \r\n                                            <div class=\"btn-part\">\r\n                            <a class=\"readon-arrow\" href=\"https:\/\/retero.ch\/fr\/microstructuration-precision-a-lechelle-du-micron\/\">\r\n                                Lire la suite <i class=\"fa rt-plus\"><\/i>\r\n                            <\/a>\r\n                        <\/div>\r\n                                 \r\n                <\/div>  \r\n            <\/div>\r\n        <\/div>\r\n    <\/div>\r\n<\/div>                            \r\n                  \r\n\t\t\t\t\t<div class=\"grid-item blog-item col-lg-4 col-md-6 col-sm-12 col-12  filter_non-categorise \">\r\n    <div class=\"align-items-center no-gutter blog-item reactheme-blog-grid1\">\r\n        <div class=\"col-md-12\">\r\n            <div class=\"image-part\">\r\n                <a href=\"https:\/\/retero.ch\/fr\/les-machines-edm-dans-le-secteur-medical-precision-et-innovation-reunies\/\">\r\n                    <img loading=\"lazy\" decoding=\"async\" width=\"420\" height=\"460\" src=\"https:\/\/retero.ch\/wp-content\/uploads\/2025\/05\/EDM-Maschine-beim-Schneiden-eines-Titanimplantats-420x460.png\" class=\"attachment-innovat_420_460 size-innovat_420_460 wp-post-image\" alt=\"Pr\u00e4zise Bearbeitung eines medizinischen Implantats mit einer EDM Maschine.\" \/>                <\/a>\r\n                <div class=\"meta-info\">\r\n                                            <ul class=\"blog-meta d-flex align-items-center\">\r\n                                                    <\/ul>\r\n                                    <\/div>\r\n            <\/div>\r\n        <\/div>\r\n        <div class=\"col-md-12\">\r\n            <div class=\"blog-content\">\r\n                <div class=\"inner-content\">\r\n                    <h3 class=\"title dd\"><a href=\"https:\/\/retero.ch\/fr\/les-machines-edm-dans-le-secteur-medical-precision-et-innovation-reunies\/\">Les machines EDM dans le secteur m\u00e9dical : pr\u00e9cision et innovation r\u00e9unies<\/a><\/h3>\r\n                                                            \r\n                                            <div class=\"btn-part\">\r\n                            <a class=\"readon-arrow\" href=\"https:\/\/retero.ch\/fr\/les-machines-edm-dans-le-secteur-medical-precision-et-innovation-reunies\/\">\r\n                                Lire la suite <i class=\"fa rt-plus\"><\/i>\r\n                            <\/a>\r\n                        <\/div>\r\n                                 \r\n                <\/div>  \r\n            <\/div>\r\n        <\/div>\r\n    <\/div>\r\n<\/div>                            \r\n                  \r\n\t\t\t\t\t                 \r\n                         \r\n                <\/div>   \r\n                               \r\n            \t    \r\n                <div class=\"pagination-area pagination-area-portfolio\">\r\n      <div class=\"nav-links\"><ul class='page-numbers'>\n\t<li><span aria-current=\"page\" class=\"page-numbers current\">1<\/span><\/li>\n\t<li><a class=\"page-numbers\" href=\"https:\/\/retero.ch\/fr\/wp-json\/wp\/v2\/pages\/16095\/page\/2\/\">2<\/a><\/li>\n\t<li><a class=\"next page-numbers\" href=\"https:\/\/retero.ch\/fr\/wp-json\/wp\/v2\/pages\/16095\/page\/2\/\">[French] \u00bb<\/a><\/li>\n<\/ul>\n<\/div>\r\n    <\/div>              \r\n\t\t<\/div>\r\n\t   \t\t\t\t<\/div>\n\t\t\t\t<\/div>\n\t\t\t\t\t<\/div>\n\t\t\t\t<\/div>\n\t\t\t\t<\/div>\n\t\t","protected":false},"excerpt":{"rendered":"<p>&#8230;<\/p>\n","protected":false},"author":2,"featured_media":0,"parent":0,"menu_order":0,"comment_status":"closed","ping_status":"closed","template":"","meta":{"footnotes":""},"class_list":["post-16095","page","type-page","status-publish","hentry"],"_links":{"self":[{"href":"https:\/\/retero.ch\/fr\/wp-json\/wp\/v2\/pages\/16095","targetHints":{"allow":["GET"]}}],"collection":[{"href":"https:\/\/retero.ch\/fr\/wp-json\/wp\/v2\/pages"}],"about":[{"href":"https:\/\/retero.ch\/fr\/wp-json\/wp\/v2\/types\/page"}],"author":[{"embeddable":true,"href":"https:\/\/retero.ch\/fr\/wp-json\/wp\/v2\/users\/2"}],"replies":[{"embeddable":true,"href":"https:\/\/retero.ch\/fr\/wp-json\/wp\/v2\/comments?post=16095"}],"version-history":[{"count":5,"href":"https:\/\/retero.ch\/fr\/wp-json\/wp\/v2\/pages\/16095\/revisions"}],"predecessor-version":[{"id":17157,"href":"https:\/\/retero.ch\/fr\/wp-json\/wp\/v2\/pages\/16095\/revisions\/17157"}],"wp:attachment":[{"href":"https:\/\/retero.ch\/fr\/wp-json\/wp\/v2\/media?parent=16095"}],"curies":[{"name":"wp","href":"https:\/\/api.w.org\/{rel}","templated":true}]}}