{"id":16183,"date":"2025-02-28T11:44:13","date_gmt":"2025-02-28T10:44:13","guid":{"rendered":"https:\/\/retero.ffpmarketing.ch\/plan-du-site\/"},"modified":"2025-11-03T19:44:37","modified_gmt":"2025-11-03T18:44:37","slug":"plan-du-site","status":"publish","type":"page","link":"https:\/\/retero.ch\/fr\/plan-du-site\/","title":{"rendered":"Plan du site"},"content":{"rendered":"\t\t<div data-elementor-type=\"wp-page\" data-elementor-id=\"16183\" class=\"elementor elementor-16183 elementor-10499\" data-elementor-post-type=\"page\">\n\t\t\t\t<div class=\"elementor-element elementor-element-c26e616 e-flex e-con-boxed e-con e-parent\" data-id=\"c26e616\" data-element_type=\"container\">\n\t\t\t\t\t<div class=\"e-con-inner\">\n\t\t\t\t<div class=\"elementor-element elementor-element-6608f53 elementor-widget elementor-widget-text-editor\" data-id=\"6608f53\" data-element_type=\"widget\" data-widget_type=\"text-editor.default\">\n\t\t\t\t<div class=\"elementor-widget-container\">\n\t\t\t\t\t\t\t\t\t<div class=\"rank-math-html-sitemap\"><div class=\"rank-math-html-sitemap__section rank-math-html-sitemap__section--post-type rank-math-html-sitemap__section--post\"><h2 class=\"rank-math-html-sitemap__title\">Posts<\/h2><ul class=\"rank-math-html-sitemap__list\"><li class=\"rank-math-html-sitemap__item\"><a href=\"https:\/\/retero.ch\/fr\/entretien-avec-juergen-retter\/\" class=\"rank-math-html-sitemap__link\">Entretien avec J\u00fcrgen Retter<\/a><\/li><li class=\"rank-math-html-sitemap__item\"><a href=\"https:\/\/retero.ch\/fr\/entretien-avec-jurgen-retter\/\" class=\"rank-math-html-sitemap__link\">Entretien avec J\u00fcrgen Retter<\/a><\/li><li class=\"rank-math-html-sitemap__item\"><a href=\"https:\/\/retero.ch\/fr\/pourquoi-la-precision-compte-sous-leau-microcomposants-pour-conditions-extremes\/\" class=\"rank-math-html-sitemap__link\">Pourquoi la pr\u00e9cision compte sous l&#039;eau &#8211; Microcomposants pour conditions extr\u00eames<\/a><\/li><li class=\"rank-math-html-sitemap__item\"><a href=\"https:\/\/retero.ch\/fr\/decoupe-laser-tolerances-et-precision\/\" class=\"rank-math-html-sitemap__link\">D\u00e9coupe laser Tol\u00e9rances et pr\u00e9cision<\/a><\/li><li class=\"rank-math-html-sitemap__item\"><a href=\"https:\/\/retero.ch\/fr\/decoupe-laser-pour-les-applications-structurelles-precises-resistantes\/\" class=\"rank-math-html-sitemap__link\">D\u00e9coupe laser pour les applications structurelles &#8211; pr\u00e9cises &amp; r\u00e9sistantes<\/a><\/li><li class=\"rank-math-html-sitemap__item\"><a href=\"https:\/\/retero.ch\/fr\/comprendre-la-fabrication-soustractive-procedes-avantages-et-perspectives-davenir\/\" class=\"rank-math-html-sitemap__link\">Comprendre la fabrication soustractive : Proc\u00e9d\u00e9s, avantages et perspectives d&#039;avenir<\/a><\/li><li class=\"rank-math-html-sitemap__item\"><a href=\"https:\/\/retero.ch\/fr\/microstructuration-precision-a-lechelle-du-micron\/\" class=\"rank-math-html-sitemap__link\">Microstructuration : pr\u00e9cision \u00e0 l&#039;\u00e9chelle du micron<\/a><\/li><li class=\"rank-math-html-sitemap__item\"><a href=\"https:\/\/retero.ch\/fr\/les-machines-edm-dans-le-secteur-medical-precision-et-innovation-reunies\/\" class=\"rank-math-html-sitemap__link\">Les machines EDM dans le secteur m\u00e9dical : pr\u00e9cision et innovation r\u00e9unies<\/a><\/li><li class=\"rank-math-html-sitemap__item\"><a href=\"https:\/\/retero.ch\/fr\/lerosion-dans-le-secteur-medical-la-precision-rencontre-les-exigences-les-plus-elevees\/\" class=\"rank-math-html-sitemap__link\">L&#039;\u00e9rosion dans le secteur m\u00e9dical &#8211; la pr\u00e9cision rencontre les exigences les plus \u00e9lev\u00e9es<\/a><\/li><li class=\"rank-math-html-sitemap__item\"><a href=\"https:\/\/retero.ch\/fr\/decoupe-laser-de-precision-3d\/\" class=\"rank-math-html-sitemap__link\">D\u00e9coupe laser de pr\u00e9cision 3D<\/a><\/li><li class=\"rank-math-html-sitemap__item\"><a href=\"https:\/\/retero.ch\/fr\/erosion-des-trous-de-depart-tir-des-trous-de-depart\/\" class=\"rank-math-html-sitemap__link\">\u00c9rosion des trous de d\u00e9part &amp; Tir des trous de d\u00e9part<\/a><\/li><li class=\"rank-math-html-sitemap__item\"><a href=\"https:\/\/retero.ch\/fr\/decoupe-laser-2\/\" class=\"rank-math-html-sitemap__link\">D\u00e9coupe laser<\/a><\/li><li class=\"rank-math-html-sitemap__item\"><a href=\"https:\/\/retero.ch\/fr\/construction-doutils-de-decoupe\/\" class=\"rank-math-html-sitemap__link\">Construction d&#039;outils de d\u00e9coupe<\/a><\/li><li class=\"rank-math-html-sitemap__item\"><a href=\"https:\/\/retero.ch\/fr\/quest-ce-que-le-fraisage-principe-de-fonctionnement-et-principes-de-base-expliques-simplement\/\" class=\"rank-math-html-sitemap__link\">Qu&#039;est-ce que le fraisage ? Principe de fonctionnement et principes de base expliqu\u00e9s simplement.<\/a><\/li><\/ul><\/div><div class=\"rank-math-html-sitemap__section rank-math-html-sitemap__section--post-type rank-math-html-sitemap__section--page\"><h2 class=\"rank-math-html-sitemap__title\">Pages<\/h2><ul class=\"rank-math-html-sitemap__list\"><li class=\"rank-math-html-sitemap__item\"><a href=\"https:\/\/retero.ch\/fr\/conditions-generales-de-vente-cgv-retero-gmbh\/\" class=\"rank-math-html-sitemap__link\">Conditions g\u00e9n\u00e9rales de vente (CGV) RETERO GmbH<\/a><\/li><li class=\"rank-math-html-sitemap__item\"><a href=\"https:\/\/retero.ch\/fr\/mentions-legales\/\" class=\"rank-math-html-sitemap__link\">Mentions l\u00e9gales<\/a><\/li><li class=\"rank-math-html-sitemap__item\"><a href=\"https:\/\/retero.ch\/fr\/micro-usinage\/\" class=\"rank-math-html-sitemap__link\">Micro-usinage<\/a><\/li><li class=\"rank-math-html-sitemap__item\"><a href=\"https:\/\/retero.ch\/fr\/pliage-poinconnage\/\" class=\"rank-math-html-sitemap__link\">Pliage, poin\u00e7onnage<\/a><\/li><li class=\"rank-math-html-sitemap__item\"><a href=\"https:\/\/retero.ch\/fr\/poncage-par-electroerosion\/\" class=\"rank-math-html-sitemap__link\">Pon\u00e7age par \u00e9lectro\u00e9rosion<\/a><\/li><li class=\"rank-math-html-sitemap__item\"><a href=\"https:\/\/retero.ch\/fr\/fraisage\/\" class=\"rank-math-html-sitemap__link\">Fraisage<\/a><\/li><li class=\"rank-math-html-sitemap__item\"><a href=\"https:\/\/retero.ch\/fr\/decoupe-laser\/\" class=\"rank-math-html-sitemap__link\">D\u00e9coupe laser<\/a><\/li><li class=\"rank-math-html-sitemap__item\"><a href=\"https:\/\/retero.ch\/fr\/electroerosion-a-trou-initial\/\" class=\"rank-math-html-sitemap__link\">Electro\u00e9rosion \u00e0 trou initial<\/a><\/li><li class=\"rank-math-html-sitemap__item\"><a href=\"https:\/\/retero.ch\/fr\/electroerosion-par-enfoncage\/\" class=\"rank-math-html-sitemap__link\">Electro\u00e9rosion par enfon\u00e7age<\/a><\/li><li class=\"rank-math-html-sitemap__item\"><a href=\"https:\/\/retero.ch\/fr\/electro-erosion-a-fil-fin\/\" class=\"rank-math-html-sitemap__link\">Electro-\u00e9rosion \u00e0 fil fin<\/a><\/li><li class=\"rank-math-html-sitemap__item\"><a href=\"https:\/\/retero.ch\/fr\/plan-du-site\/\" class=\"rank-math-html-sitemap__link\">Plan du site<\/a><\/li><li class=\"rank-math-html-sitemap__item\"><a href=\"https:\/\/retero.ch\/fr\/assurance-qualite\/\" class=\"rank-math-html-sitemap__link\">Assurance qualit\u00e9<\/a><\/li><li class=\"rank-math-html-sitemap__item\"><a href=\"https:\/\/retero.ch\/fr\/a-propos-de-nous\/\" class=\"rank-math-html-sitemap__link\">\u00c0 propos de nous<\/a><\/li><li class=\"rank-math-html-sitemap__item\"><a href=\"https:\/\/retero.ch\/fr\/electro-erosion-a-fil-erosion-a-fil\/\" class=\"rank-math-html-sitemap__link\">\u00c9lectro-\u00e9rosion \u00e0 fil \/ \u00c9rosion \u00e0 fil<\/a><\/li><li class=\"rank-math-html-sitemap__item\"><a href=\"https:\/\/retero.ch\/fr\/contact\/\" class=\"rank-math-html-sitemap__link\">Contact<\/a><\/li><li class=\"rank-math-html-sitemap__item\"><a href=\"https:\/\/retero.ch\/fr\/\" class=\"rank-math-html-sitemap__link\">Page d&#039;accueil<\/a><\/li><li class=\"rank-math-html-sitemap__item\"><a href=\"https:\/\/retero.ch\/fr\/declaration-de-confidentialite\/\" class=\"rank-math-html-sitemap__link\">D\u00e9claration de confidentialit\u00e9<\/a><\/li><li class=\"rank-math-html-sitemap__item\"><a href=\"https:\/\/retero.ch\/fr\/actualites\/\" class=\"rank-math-html-sitemap__link\">Actualit\u00e9s<\/a><\/li><\/ul><\/div><\/div>\t\t\t\t\t\t\t\t<\/div>\n\t\t\t\t<\/div>\n\t\t\t\t\t<\/div>\n\t\t\t\t<\/div>\n\t\t\t\t<\/div>\n\t\t","protected":false},"excerpt":{"rendered":"","protected":false},"author":2,"featured_media":0,"parent":0,"menu_order":0,"comment_status":"closed","ping_status":"closed","template":"","meta":{"footnotes":""},"class_list":["post-16183","page","type-page","status-publish","hentry"],"_links":{"self":[{"href":"https:\/\/retero.ch\/fr\/wp-json\/wp\/v2\/pages\/16183","targetHints":{"allow":["GET"]}}],"collection":[{"href":"https:\/\/retero.ch\/fr\/wp-json\/wp\/v2\/pages"}],"about":[{"href":"https:\/\/retero.ch\/fr\/wp-json\/wp\/v2\/types\/page"}],"author":[{"embeddable":true,"href":"https:\/\/retero.ch\/fr\/wp-json\/wp\/v2\/users\/2"}],"replies":[{"embeddable":true,"href":"https:\/\/retero.ch\/fr\/wp-json\/wp\/v2\/comments?post=16183"}],"version-history":[{"count":1,"href":"https:\/\/retero.ch\/fr\/wp-json\/wp\/v2\/pages\/16183\/revisions"}],"predecessor-version":[{"id":16184,"href":"https:\/\/retero.ch\/fr\/wp-json\/wp\/v2\/pages\/16183\/revisions\/16184"}],"wp:attachment":[{"href":"https:\/\/retero.ch\/fr\/wp-json\/wp\/v2\/media?parent=16183"}],"curies":[{"name":"wp","href":"https:\/\/api.w.org\/{rel}","templated":true}]}}