{"id":16457,"date":"2025-08-07T17:01:54","date_gmt":"2025-08-07T15:01:54","guid":{"rendered":"https:\/\/retero.ffpmarketing.ch\/mentions-legales\/"},"modified":"2026-02-28T12:40:06","modified_gmt":"2026-02-28T11:40:06","slug":"mentions-legales","status":"publish","type":"page","link":"https:\/\/retero.ch\/fr\/mentions-legales\/","title":{"rendered":"Mentions l\u00e9gales"},"content":{"rendered":"\t\t<div data-elementor-type=\"wp-page\" data-elementor-id=\"16457\" class=\"elementor elementor-16457 elementor-14072\" data-elementor-post-type=\"page\">\n\t\t\t\t<div class=\"elementor-element elementor-element-fb4d118 e-flex e-con-boxed e-con e-parent\" data-id=\"fb4d118\" data-element_type=\"container\">\n\t\t\t\t\t<div class=\"e-con-inner\">\n\t\t\t\t<div class=\"elementor-element elementor-element-19546b0 elementor-widget elementor-widget-spacer\" data-id=\"19546b0\" data-element_type=\"widget\" data-widget_type=\"spacer.default\">\n\t\t\t\t<div class=\"elementor-widget-container\">\n\t\t\t\t\t\t\t<div class=\"elementor-spacer\">\n\t\t\t<div class=\"elementor-spacer-inner\"><\/div>\n\t\t<\/div>\n\t\t\t\t\t\t<\/div>\n\t\t\t\t<\/div>\n\t\t\t\t<div class=\"elementor-element elementor-element-8c4ba48 elementor-widget elementor-widget-text-editor\" data-id=\"8c4ba48\" data-element_type=\"widget\" data-widget_type=\"text-editor.default\">\n\t\t\t\t<div class=\"elementor-widget-container\">\n\t\t\t\t\t\t\t\t\t<h2 data-start=\"182\" data-end=\"198\"><strong data-start=\"185\" data-end=\"198\">Mentions l\u00e9gales<\/strong><\/h2><p data-start=\"200\" data-end=\"260\"><strong data-start=\"200\" data-end=\"215\">Retero GmbH<\/strong><br data-start=\"215\" data-end=\"218\">Stadtweg 24<br data-start=\"229\" data-end=\"232\">8245 Feuerthalen<br data-start=\"248\" data-end=\"251\">Suisse<\/p><p data-start=\"262\" data-end=\"313\"><strong data-start=\"262\" data-end=\"295\">Personne habilit\u00e9e \u00e0 repr\u00e9senter l&#8217;<\/strong>entreprise<br data-start=\"295\" data-end=\"298\">J\u00fcrgen Retter<\/p><p data-start=\"315\" data-end=\"395\"><strong data-start=\"315\" data-end=\"334\">Registre du commerce<\/strong><br data-start=\"334\" data-end=\"337\">UID : CHE-112.228.208<br data-start=\"357\" data-end=\"360\">Num\u00e9ro de TVA : CHE-112.228.208 TVA<\/p><p data-start=\"397\" data-end=\"538\"><strong data-start=\"397\" data-end=\"408\">Contact<\/strong><br data-start=\"408\" data-end=\"411\">T\u00e9l\u00e9phone : +41 52 659 59 52<br data-start=\"436\" data-end=\"439\">E-mail : <a class=\"decorated-link cursor-pointer\" rel=\"noopener\" data-start=\"447\" data-end=\"492\">info@retero.swiss<\/a><br data-start=\"492\" data-end=\"495\">Web <a class=\"decorated-link\" href=\"https:\/\/retero.ch\" target=\"_new\" rel=\"noopener\" data-start=\"500\" data-end=\"538\">: https:\/\/retero.ch<\/a><\/p><h3 data-start=\"545\" data-end=\"571\"> <\/h3><h3 data-start=\"545\" data-end=\"571\"><strong data-start=\"549\" data-end=\"571\">Clause de non-responsabilit\u00e9<\/strong><\/h3><p data-start=\"573\" data-end=\"937\"><strong data-start=\"573\" data-end=\"584\">Contenu<\/strong><br data-start=\"584\" data-end=\"587\">Malgr\u00e9 un contr\u00f4le minutieux, nous ne garantissons pas l&#8217;actualit\u00e9, l&#8217;exhaustivit\u00e9 et l&#8217;exactitude des informations mises \u00e0 disposition. La responsabilit\u00e9 de Retero GmbH ne saurait \u00eatre engag\u00e9e du fait de l&#8217;utilisation ou de la non-utilisation des contenus propos\u00e9s ou d&#8217;informations erron\u00e9es ou incompl\u00e8tes.  <\/p><p data-start=\"939\" data-end=\"1223\"><strong data-start=\"939\" data-end=\"956\">Liens externes<\/strong><br data-start=\"956\" data-end=\"959\">Notre site web contient des liens vers des sites web externes de tiers, sur lesquels nous n&#8217;avons aucune influence. Le fournisseur ou l&#8217;exploitant de ces sites est toujours responsable de leur contenu. Nous d\u00e9clinons donc toute responsabilit\u00e9 pour les contenus externes.  <\/p><p data-start=\"1225\" data-end=\"1563\"><strong data-start=\"1225\" data-end=\"1241\">Droit d&#8217;auteur<\/strong><br data-start=\"1241\" data-end=\"1244\">Tous les contenus et \u0153uvres publi\u00e9s sur ce site Internet sont soumis au droit d&#8217;auteur suisse. Les contributions de tiers sont signal\u00e9es en cons\u00e9quence. Toute reproduction, modification, diffusion ou autre utilisation en dehors des limites du droit d&#8217;auteur requiert l&#8217;accord \u00e9crit de Retero GmbH.  <\/p><p data-start=\"1565\" data-end=\"1937\"><strong data-start=\"1565\" data-end=\"1592\">Modifications et erreurs<\/strong><br data-start=\"1592\" data-end=\"1595\">Nous nous r\u00e9servons le droit de modifier, de compl\u00e9ter ou de supprimer des parties de pages ou l&#8217;ensemble de l&#8217;offre \u00e0 tout moment et sans pr\u00e9avis, ou d&#8217;en suspendre temporairement ou d\u00e9finitivement la publication. Si certaines formulations ou dispositions de cette clause de non-responsabilit\u00e9 s&#8217;av\u00e9raient inefficaces, les autres dispositions n&#8217;en seraient pas affect\u00e9es. <\/p>\t\t\t\t\t\t\t\t<\/div>\n\t\t\t\t<\/div>\n\t\t\t\t\t<\/div>\n\t\t\t\t<\/div>\n\t\t<div class=\"elementor-element elementor-element-f7c0f7f e-flex e-con-boxed e-con e-parent\" data-id=\"f7c0f7f\" data-element_type=\"container\">\n\t\t\t\t\t<div class=\"e-con-inner\">\n\t\t\t\t<div class=\"elementor-element elementor-element-91b84e6 elementor-widget elementor-widget-spacer\" data-id=\"91b84e6\" data-element_type=\"widget\" data-widget_type=\"spacer.default\">\n\t\t\t\t<div class=\"elementor-widget-container\">\n\t\t\t\t\t\t\t<div class=\"elementor-spacer\">\n\t\t\t<div class=\"elementor-spacer-inner\"><\/div>\n\t\t<\/div>\n\t\t\t\t\t\t<\/div>\n\t\t\t\t<\/div>\n\t\t\t\t\t<\/div>\n\t\t\t\t<\/div>\n\t\t\t\t<\/div>\n\t\t","protected":false},"excerpt":{"rendered":"<p>&#8230;<\/p>\n","protected":false},"author":2,"featured_media":0,"parent":0,"menu_order":0,"comment_status":"closed","ping_status":"closed","template":"","meta":{"footnotes":""},"class_list":["post-16457","page","type-page","status-publish","hentry"],"_links":{"self":[{"href":"https:\/\/retero.ch\/fr\/wp-json\/wp\/v2\/pages\/16457","targetHints":{"allow":["GET"]}}],"collection":[{"href":"https:\/\/retero.ch\/fr\/wp-json\/wp\/v2\/pages"}],"about":[{"href":"https:\/\/retero.ch\/fr\/wp-json\/wp\/v2\/types\/page"}],"author":[{"embeddable":true,"href":"https:\/\/retero.ch\/fr\/wp-json\/wp\/v2\/users\/2"}],"replies":[{"embeddable":true,"href":"https:\/\/retero.ch\/fr\/wp-json\/wp\/v2\/comments?post=16457"}],"version-history":[{"count":2,"href":"https:\/\/retero.ch\/fr\/wp-json\/wp\/v2\/pages\/16457\/revisions"}],"predecessor-version":[{"id":17816,"href":"https:\/\/retero.ch\/fr\/wp-json\/wp\/v2\/pages\/16457\/revisions\/17816"}],"wp:attachment":[{"href":"https:\/\/retero.ch\/fr\/wp-json\/wp\/v2\/media?parent=16457"}],"curies":[{"name":"wp","href":"https:\/\/api.w.org\/{rel}","templated":true}]}}